{"id":274,"date":"2026-01-18T20:52:05","date_gmt":"2026-01-19T00:52:05","guid":{"rendered":"https:\/\/chilepsicologos.cl\/reservas\/?page_id=274"},"modified":"2026-01-19T15:12:09","modified_gmt":"2026-01-19T19:12:09","slug":"buscar","status":"publish","type":"page","link":"https:\/\/chilepsicologos.cl\/reservas\/buscar","title":{"rendered":"buscar"},"content":{"rendered":"\t\t<div data-elementor-type=\"wp-page\" data-elementor-id=\"274\" class=\"elementor elementor-274\" data-elementor-post-type=\"page\">\n\t\t\t\t<div class=\"elementor-element elementor-element-3f6d0364 e-con-full e-flex e-con e-parent\" data-id=\"3f6d0364\" data-element_type=\"container\">\n\t\t\t\t<div class=\"elementor-element elementor-element-56ac862d elementor-widget elementor-widget-text-editor\" data-id=\"56ac862d\" data-element_type=\"widget\" data-widget_type=\"text-editor.default\">\n\t\t\t\t\t\t\t\t\t<script type='text\/javascript' src='https:\/\/www.planyo.com\/utils.js'><\/script>\n<script type='text\/javascript' src='https:\/\/www.planyo.com\/wrappers.js'><\/script>\n<script type='text\/javascript'>\nif(planyo_mobile_check()) document.is_mobile=1;\n<\/script>\n\n<link rel='stylesheet' href='https:\/\/www.planyo.com\/schemes\/?calendar=6469&#038;detect_mobile=auto&#038;sel=scheme_css' type='text\/css' \/>\n<style type='text\/css'>\n.horizontal-widget .planyo-form-item-group {margin-right:30px;}\n.horizontal-widget .planyo-form-item-group label {margin-right:10px;}\n.horizontal-widget #res_form_buttons {display:inline-block;}\n<\/style>\n<div id='planyo_search_widget' class='planyo horizontal-widget'>\n<style type='text\/css'>\n#search_form label {display:block;float:none;width:100%}\nform#search_form li.planyo_static_help {margin-left:0px;}\n<\/style>\n<form id='box_search_form' name='search_form' class='left title_inside multi_column form-inline' action='https:\/\/chilepsicologos.cl\/reservas\/init' method='get'><fieldset ><ul><input type='hidden' value=\"6469\" id='calendar' name='calendar' \/><input type='hidden' value=\"day\" id='range_search' name='range_search' \/><input type='hidden' value=\"1\" id='submitted' name='submitted' \/><input type='hidden' value=\"https:\/\/chilepsicologos.cl\/reservas\/init\" id='feedback_url' name='feedback_url' \/>  <div style='position:absolute;visibility:hidden;z-index:5000;' class='picker_dropdown title_inside' id='box_start_datecal' onmousedown='var e=arguments[0] || window.event;e.stopPropagation();' onclick='var e=arguments[0] || window.event;e.stopPropagation();' ><\/div>\n\t\t<script type='text\/javascript'>\n\t\t      js_set_event(document.getElementById('box_start_datecal'), 'click', 'js_dummy',false); \n                      document.first_weekday=1;\n\t\t<\/script>\n  \t<script type='text\/javascript'>\n            document.new_scheme=1;\n      document.s_prev = \"anterior\";\ndocument.s_next = \"siguiente\";\ndocument.s_today = \"hoy\";\ndocument.s_day = \"d&#237;a\";\ndocument.s_days = \"d&#237;as\";\ndocument.s_week = \"semana\";\ndocument.s_weeks = \"semanas\";\ndocument.s_weekday = \"d&#237;a de la semana\";\ndocument.s_month = \"mes\";\ndocument.s_single_res = \"recurso sencillo\";\ndocument.s_weekdays_short = eval('[\\\"L\\\", \\\"M\\\", \\\"M\\\", \\\"J\\\", \\\"V\\\", \\\"S\\\", \\\"D\\\"]');\ndocument.s_weekdays_med = eval('[\\\"Lun\\\", \\\"Mar\\\", \\\"Mie\\\", \\\"Jue\\\", \\\"Vie\\\", \\\"S&#225;b\\\", \\\"Dom\\\"]');\ndocument.s_weekdays_long = [\"Lunes\",\"Martes\",\"Mi\u00e9rcoles\",\"Jueves\",\"Viernes\",\"S\u00e1bado\",\"Domingo\"];\ndocument.s_months_short = eval('[\\\"Ene\\\", \\\"Feb\\\", \\\"Mar\\\", \\\"Abr\\\", \\\"May\\\", \\\"Jun\\\", \\\"Jul\\\", \\\"Ago\\\", \\\"Sep\\\", \\\"Oct\\\", \\\"Nov\\\", \\\"Dic\\\"]');\ndocument.s_months_long = eval('[\\\"Enero\\\", \\\"Febrero\\\", \\\"Marzo\\\", \\\"Abril\\\", \\\"Mayo\\\", \\\"Junio\\\", \\\"Julio\\\", \\\"Agosto\\\", \\\"Septiembre\\\", \\\"Octubre\\\", \\\"Noviembre\\\", \\\"Diciembre\\\"]');\ndocument.s_all = \"Todos\";\ndocument.s_showall = \"Mostrar todo\";\ndocument.s_areav = \"est&#225;n disponibles.\";\ndocument.s_clickres = \"Para reservar, da clic aqu&#237;.\";\ndocument.s_partav = \"Esta disponible solo para la renta de tiempo parcial. Da clic en la fecha arriba para ver m&#225;s detalles.\";\ndocument.s_outof = \"de\";\ndocument.s_unav = \"No disponible\";\ndocument.s_noav = \"No disponible\";\ndocument.s_show_more = \"ver m&#225;s\";\ndocument.s_av = \"Disponible\";\ndocument.s_vacation = \"Vacaciones\";\ndocument.s_allday = \"Jornada completa\";\ndocument.s_day_view = \"d&#237;a\";\ndocument.s_month_view = \"mes\";\ndocument.s_more = \"m&#225;s\";\n\tif (!document.date_format) document.date_format = \"d\/m\/Y\";\n\njs_set_event(document, 'mousedown', 'js_close_calendar',false);\n\n\t<\/script>\n  <li id='row_box_start_date' class='fld_single'><div id='par_box_start_date'  class='with-status-border float-label-parent float-label-text-parent par_box_start_date'><label id='lab_box_start_date' style='visibility:hidden' for='box_start_date'>Fecha de Atenci\u00f3n<em>*<\/em><\/label><input   type='text' id='box_start_date' name='box_start_date'  autocomplete='off'  value=\"\"  onfocus=\"js_close_calendar();document.active_float_date='box_start_date';js_show_calendar('box_start_date','planyo_float_date_changed();');\" onmousedown=\"var e=arguments[0] || window.event;e.stopPropagation();\" onclick=\"var e=arguments[0] || window.event;e.stopPropagation();\"  placeholder=\"Fecha de Atenci&oacute;n*\" onfocus=\"update_float_label_focus('box_start_date',1);\" onblur=\"update_float_label_focus('box_start_date',0);\" onkeyup=\"update_float_label('box_start_date');\" \/><\/div><script type='text\/javascript'>\nfunction planyo_float_date_changed() {\n  if(document.active_float_date)update_float_label(document.active_float_date);\n  if(window.planyo_dates_changed)planyo_dates_changed(); else if(window.on_planyo_date_picked) on_planyo_date_picked();\n}\n\nfunction update_float_label(item_name) {\n  var item=document.getElementById(item_name);\n  var label=document.getElementById('lab_'+item_name);\n  if(item && label) {\n    label.style.visibility = item.value && item.value.length>0 ? 'visible' : 'hidden';\n  }\n}\n\nfunction update_float_label_focus(item_name,f) {\n  var item=document.getElementById('par_'+item_name);\n  if(item) {\n    item.style.borderColor = f ? '#3D83A8' : '#c0c0c0';\n  }\n  if(item_name=='phone'||item_name=='mobile_number_param') {\n    var countryit=(item_name=='phone'?'phone_country_param':'mobile_country_param');\n    if(document.getElementById(countryit) && document.getElementById(countryit).value=='-1')\n      float_country_clicked(countryit);\n  }\n}\n\n<\/script>\n<div class='float-date-icon' onmousedown=\"js_close_calendar();var e=arguments[0] || window.event;e.stopPropagation();\" onclick=\"var e=arguments[0] || window.event;e.stopPropagation();\" onmouseup=\"document.active_float_date='box_start_date';js_show_calendar('box_start_date','planyo_float_date_changed();');\" id=\"box_start_datecalref\"><\/div><div style='clear:both'><\/div><\/li><li id='row_prop_res_tipo_de_atencion' class='fld_single'><div id='par_prop_res_tipo_de_atencion' class='with-status-border float-label-parent float-label-select-parent'><label for='prop_res_tipo_de_atencion'>Tipo de atencion<\/label><select name='prop_res_tipo_de_atencion' id='box_prop_res_tipo_de_atencion'    onfocus=\"update_float_label_focus('prop_res_tipo_de_atencion',1);\" onblur=\"update_float_label_focus('prop_res_tipo_de_atencion',0);\" onkeyup=\"update_float_label('prop_res_tipo_de_atencion');\">\n<option value='none'>&#8212;<\/option>\n<option  value=\"Psicolog\u00eda Infantil (0 a 13 a\u00f1os)\" >Psicolog\u00eda Infantil (0 a 13 a\u00f1os)&nbsp;<\/option>\n<option  value=\"Terapia Adulto\" >Terapia Adulto&nbsp;<\/option>\n<option  value=\"Terapia de Pareja\" >Terapia de Pareja&nbsp;<\/option>\n<option  value=\"Terapia Familiar\" >Terapia Familiar&nbsp;<\/option>\n<\/select>\n<\/div><\/li><li id='row_prop_res_prevision' class='fld_single'><div id='par_prop_res_prevision' class='with-status-border float-label-parent float-label-select-parent'><label for='prop_res_prevision'>Prevision<\/label><select name='prop_res_prevision' id='box_prop_res_prevision'    onfocus=\"update_float_label_focus('prop_res_prevision',1);\" onblur=\"update_float_label_focus('prop_res_prevision',0);\" onkeyup=\"update_float_label('prop_res_prevision');\">\n<option value='none'>&#8212;<\/option>\n<option  value=\"Particular\" >Particular&nbsp;<\/option>\n<option  value=\"Isapre\" >Isapre&nbsp;<\/option>\n<option  value=\"Fonasa\" >Fonasa&nbsp;<\/option>\n<\/select>\n<\/div><\/li><input type='hidden' value=\"tipo_de_atencion,prevision,\" id='extra_search_fields' name='extra_search_fields' \/><input type='hidden' value=\"name\" id='sort_fields' name='sort_fields' \/><input type='hidden' value=\"name\" id='sort' name='sort' \/><input type='hidden' value=\"60\" id='granulation' name='granulation' \/><input type='hidden' value=\"ES\" id='custom-language' name='custom-language' \/><input type='hidden' value=\"search\" id='mode' name='mode' \/><input type='hidden' value=\"0\" id='presentation_mode' name='presentation_mode' \/><\/ul><\/fieldset><div id='res_form_buttons' >\n<label for='submit_button'>&nbsp;<\/label><input class='button' id='box_submit_button' name='submit_button' type='submit' value=\"Buscar\" \/> <\/div>\n<input type='hidden' value='true' id='submitted_field' name='submitted' \/><a href='https:\/\/www.planyo.com\/' class='poweredby'  target='_blank'><img border='0' title='Planyo online booking system' alt='Planyo online booking system' src='https:\/\/planyo-ch.s3.eu-central-2.amazonaws.com\/poweredbyplanyo.png' \/><\/a><\/form>\n<script type='text\/javascript'>\nwindow.verify_search_fields=\"box_start_date:Fecha de Inicio\";\nwindow.s_cnbe=\" no puede estar vac\u00edo\";\n<\/script>\n<script src='https:\/\/www.planyo.com\/verify-search-fields.js'><\/script>\n\n<\/div>\t\t\t\t\t\t\t\t<\/div>\n\t\t\t\t<\/div>\n\t\t\t\t<\/div>\n\t\t","protected":false},"excerpt":{"rendered":"<p>Fecha de Atenci\u00f3n* Tipo de atencion&#8212;Psicolog\u00eda Infantil (0 a 13 a\u00f1os)&nbsp;Terapia Adulto&nbsp;Terapia de Pareja&nbsp;Terapia Familiar&nbsp; Prevision&#8212;Particular&nbsp;Isapre&nbsp;Fonasa&nbsp; &nbsp;<\/p>\n","protected":false},"author":1,"featured_media":0,"parent":0,"menu_order":0,"comment_status":"closed","ping_status":"closed","template":"elementor_canvas","meta":{"footnotes":""},"class_list":["post-274","page","type-page","status-publish","hentry"],"_links":{"self":[{"href":"https:\/\/chilepsicologos.cl\/reservas\/wp-json\/wp\/v2\/pages\/274","targetHints":{"allow":["GET"]}}],"collection":[{"href":"https:\/\/chilepsicologos.cl\/reservas\/wp-json\/wp\/v2\/pages"}],"about":[{"href":"https:\/\/chilepsicologos.cl\/reservas\/wp-json\/wp\/v2\/types\/page"}],"author":[{"embeddable":true,"href":"https:\/\/chilepsicologos.cl\/reservas\/wp-json\/wp\/v2\/users\/1"}],"replies":[{"embeddable":true,"href":"https:\/\/chilepsicologos.cl\/reservas\/wp-json\/wp\/v2\/comments?post=274"}],"version-history":[{"count":11,"href":"https:\/\/chilepsicologos.cl\/reservas\/wp-json\/wp\/v2\/pages\/274\/revisions"}],"predecessor-version":[{"id":289,"href":"https:\/\/chilepsicologos.cl\/reservas\/wp-json\/wp\/v2\/pages\/274\/revisions\/289"}],"wp:attachment":[{"href":"https:\/\/chilepsicologos.cl\/reservas\/wp-json\/wp\/v2\/media?parent=274"}],"curies":[{"name":"wp","href":"https:\/\/api.w.org\/{rel}","templated":true}]}}